{"id":2437,"date":"2023-10-09T18:21:00","date_gmt":"2023-10-09T15:21:00","guid":{"rendered":"https:\/\/rafed-financial.com\/contact-us\/"},"modified":"2025-05-26T19:49:29","modified_gmt":"2025-05-26T16:49:29","slug":"contact-us","status":"publish","type":"page","link":"https:\/\/rafed-financial.com\/en\/contact-us\/","title":{"rendered":"Contact us"},"content":{"rendered":"\t\t<div data-elementor-type=\"wp-page\" data-elementor-id=\"2437\" class=\"elementor elementor-2437 elementor-768\" data-elementor-post-type=\"page\">\n\t\t\t\t<div class=\"elementor-element elementor-element-2f8ab56 e-con-full e-flex e-con e-parent\" data-id=\"2f8ab56\" data-element_type=\"container\">\n\t\t\t\t<div class=\"elementor-element elementor-element-abe41c9 elementor-widget elementor-widget-tg-contact\" data-id=\"abe41c9\" data-element_type=\"widget\" data-widget_type=\"tg-contact.default\">\n\t\t\t\t<div class=\"elementor-widget-container\">\n\t\t\t\t\t\r\n        <script>\r\n            jQuery(document).ready(function($) {\r\n\r\n                AOS.init();\r\n\r\n            });\r\n        <\/script>\r\n\r\n        <div class=\"contact padding-top padding-bottom tg-section\">\r\n            <div class=\"container\">\r\n                <div class=\"contact__wrapper\">\r\n                    <div class=\"row g-5\">\r\n                        <div class=\"col-md-5\">\r\n                            <div class=\"contact__info\" data-aos=\"fade-right\" data-aos-duration=\"1000\">\r\n                                <div class=\"contact__social\">\r\n                                                                            <h3 class=\"title\">Stay <span>in touch<\/span> with us<\/h3>\r\n                                    \r\n                                    <ul class=\"social\">\r\n                                                                                    <li class=\"social__item\">\r\n                                                <a href=\"https:\/\/www.facebook.com\/rafed.financial\" class=\"social__link social__link--style4\"><svg aria-hidden=\"true\" class=\"e-font-icon-svg e-fab-facebook-f\" viewBox=\"0 0 320 512\" xmlns=\"http:\/\/www.w3.org\/2000\/svg\"><path d=\"M279.14 288l14.22-92.66h-88.91v-60.13c0-25.35 12.42-50.06 52.24-50.06h40.42V6.26S260.43 0 225.36 0c-73.22 0-121.08 44.38-121.08 124.72v70.62H22.89V288h81.39v224h100.17V288z\"><\/path><\/svg><\/a>\r\n                                            <\/li>\r\n                                                                                    <li class=\"social__item\">\r\n                                                <a href=\"https:\/\/www.instagram.com\/rafed_financial\" class=\"social__link social__link--style4\"><svg aria-hidden=\"true\" class=\"e-font-icon-svg e-fab-instagram\" viewBox=\"0 0 448 512\" xmlns=\"http:\/\/www.w3.org\/2000\/svg\"><path d=\"M224.1 141c-63.6 0-114.9 51.3-114.9 114.9s51.3 114.9 114.9 114.9S339 319.5 339 255.9 287.7 141 224.1 141zm0 189.6c-41.1 0-74.7-33.5-74.7-74.7s33.5-74.7 74.7-74.7 74.7 33.5 74.7 74.7-33.6 74.7-74.7 74.7zm146.4-194.3c0 14.9-12 26.8-26.8 26.8-14.9 0-26.8-12-26.8-26.8s12-26.8 26.8-26.8 26.8 12 26.8 26.8zm76.1 27.2c-1.7-35.9-9.9-67.7-36.2-93.9-26.2-26.2-58-34.4-93.9-36.2-37-2.1-147.9-2.1-184.9 0-35.8 1.7-67.6 9.9-93.9 36.1s-34.4 58-36.2 93.9c-2.1 37-2.1 147.9 0 184.9 1.7 35.9 9.9 67.7 36.2 93.9s58 34.4 93.9 36.2c37 2.1 147.9 2.1 184.9 0 35.9-1.7 67.7-9.9 93.9-36.2 26.2-26.2 34.4-58 36.2-93.9 2.1-37 2.1-147.8 0-184.8zM398.8 388c-7.8 19.6-22.9 34.7-42.6 42.6-29.5 11.7-99.5 9-132.1 9s-102.7 2.6-132.1-9c-19.6-7.8-34.7-22.9-42.6-42.6-11.7-29.5-9-99.5-9-132.1s-2.6-102.7 9-132.1c7.8-19.6 22.9-34.7 42.6-42.6 29.5-11.7 99.5-9 132.1-9s102.7-2.6 132.1 9c19.6 7.8 34.7 22.9 42.6 42.6 11.7 29.5 9 99.5 9 132.1s2.7 102.7-9 132.1z\"><\/path><\/svg><\/a>\r\n                                            <\/li>\r\n                                                                                    <li class=\"social__item\">\r\n                                                <a href=\"https:\/\/www.tiktok.com\/@rafed_fx_0\" class=\"social__link social__link--style4\"><svg aria-hidden=\"true\" class=\"e-font-icon-svg e-fab-tiktok\" viewBox=\"0 0 448 512\" xmlns=\"http:\/\/www.w3.org\/2000\/svg\"><path d=\"M448,209.91a210.06,210.06,0,0,1-122.77-39.25V349.38A162.55,162.55,0,1,1,185,188.31V278.2a74.62,74.62,0,1,0,52.23,71.18V0l88,0a121.18,121.18,0,0,0,1.86,22.17h0A122.18,122.18,0,0,0,381,102.39a121.43,121.43,0,0,0,67,20.14Z\"><\/path><\/svg><\/a>\r\n                                            <\/li>\r\n                                                                                    <li class=\"social__item\">\r\n                                                <a href=\"https:\/\/www.youtube.com\/@rafed_financial\" class=\"social__link social__link--style4\"><svg aria-hidden=\"true\" class=\"e-font-icon-svg e-fab-youtube\" viewBox=\"0 0 576 512\" xmlns=\"http:\/\/www.w3.org\/2000\/svg\"><path d=\"M549.655 124.083c-6.281-23.65-24.787-42.276-48.284-48.597C458.781 64 288 64 288 64S117.22 64 74.629 75.486c-23.497 6.322-42.003 24.947-48.284 48.597-11.412 42.867-11.412 132.305-11.412 132.305s0 89.438 11.412 132.305c6.281 23.65 24.787 41.5 48.284 47.821C117.22 448 288 448 288 448s170.78 0 213.371-11.486c23.497-6.321 42.003-24.171 48.284-47.821 11.412-42.867 11.412-132.305 11.412-132.305s0-89.438-11.412-132.305zm-317.51 213.508V175.185l142.739 81.205-142.739 81.201z\"><\/path><\/svg><\/a>\r\n                                            <\/li>\r\n                                                                                    <li class=\"social__item\">\r\n                                                <a href=\"https:\/\/t.me\/Rafed_fx\" class=\"social__link social__link--style4\"><svg aria-hidden=\"true\" class=\"e-font-icon-svg e-fab-telegram-plane\" viewBox=\"0 0 448 512\" xmlns=\"http:\/\/www.w3.org\/2000\/svg\"><path d=\"M446.7 98.6l-67.6 318.8c-5.1 22.5-18.4 28.1-37.3 17.5l-103-75.9-49.7 47.8c-5.5 5.5-10.1 10.1-20.7 10.1l7.4-104.9 190.9-172.5c8.3-7.4-1.8-11.5-12.9-4.1L117.8 284 16.2 252.2c-22.1-6.9-22.5-22.1 4.6-32.7L418.2 66.4c18.4-6.9 34.5 4.1 28.5 32.2z\"><\/path><\/svg><\/a>\r\n                                            <\/li>\r\n                                                                            <\/ul>\r\n                                <\/div>\r\n                                <div class=\"contact__details\">\r\n                                                                            <div class=\"contact__item\" data-aos=\"fade-right\" data-aos-duration=\"1000\">\r\n                                            <div class=\"contact__item-inner\">\r\n                                                                                                    <div class=\"contact__item-thumb\">\r\n                                                        <span>\r\n                                                            <img decoding=\"async\" src=\"https:\/\/rafed-financial.com\/wp-content\/uploads\/2025\/05\/phone-icon.png\" width=\"24\" alt=\"Icon\">\r\n                                                        <\/span>\r\n                                                    <\/div>\r\n                                                                                                <div class=\"contact__item-content\">\r\n                                                    <a href=\"tel:00905070200081\"><p>00905070200081<\/p><\/a>                                                <\/div>\r\n                                            <\/div>\r\n                                        <\/div>\r\n                                                                            <div class=\"contact__item\" data-aos=\"fade-right\" data-aos-duration=\"1000\">\r\n                                            <div class=\"contact__item-inner\">\r\n                                                                                                    <div class=\"contact__item-thumb\">\r\n                                                        <span>\r\n                                                            <img decoding=\"async\" src=\"https:\/\/rafed-financial.com\/wp-content\/uploads\/2025\/05\/email-icon.png\" width=\"24\" alt=\"Icon\">\r\n                                                        <\/span>\r\n                                                    <\/div>\r\n                                                                                                <div class=\"contact__item-content\">\r\n                                                    <a href=\"mailto:info@rafed-financial.com\"><p>info@rafed-financial.com<\/p><\/a>                                                <\/div>\r\n                                            <\/div>\r\n                                        <\/div>\r\n                                                                            <div class=\"contact__item\" data-aos=\"fade-right\" data-aos-duration=\"1000\">\r\n                                            <div class=\"contact__item-inner\">\r\n                                                                                                    <div class=\"contact__item-thumb\">\r\n                                                        <span>\r\n                                                            <img decoding=\"async\" src=\"https:\/\/rafed-financial.com\/wp-content\/uploads\/2025\/05\/location-icon.png\" width=\"24\" alt=\"Icon\">\r\n                                                        <\/span>\r\n                                                    <\/div>\r\n                                                                                                <div class=\"contact__item-content\">\r\n                                                    <a href=\"https:\/\/maps.app.goo.gl\/1oR2U3B6gBa1Cawv5?g_st=com.google.maps.preview.copy\"> <p>Turkey - Istanbul - Fatih - \u015eehremini<\/p> <p>Mehmet Turgut \u00d6zal Street - Building 131<\/p> <p>Office No. 3 | Tramway Stop: \u00c7apa<\/p> <p>McDonald's Building<\/p> <\/a>                                                <\/div>\r\n                                            <\/div>\r\n                                        <\/div>\r\n                                                                    <\/div>\r\n                            <\/div>\r\n                        <\/div>\r\n\r\n                                                    <div class=\"col-md-7\">\r\n                                \n<div class=\"wpcf7 no-js\" id=\"wpcf7-f870-o1\" lang=\"en-US\" dir=\"ltr\" data-wpcf7-id=\"870\">\n<div class=\"screen-reader-response\"><p role=\"status\" aria-live=\"polite\" aria-atomic=\"true\"><\/p> <ul><\/ul><\/div>\n<form action=\"\/en\/wp-json\/wp\/v2\/pages\/2437#wpcf7-f870-o1\" method=\"post\" class=\"wpcf7-form init\" aria-label=\"Contact form\" novalidate=\"novalidate\" data-status=\"init\">\n<fieldset class=\"hidden-fields-container\"><input type=\"hidden\" name=\"_wpcf7\" value=\"870\" \/><input type=\"hidden\" name=\"_wpcf7_version\" value=\"6.1.5\" \/><input type=\"hidden\" name=\"_wpcf7_locale\" value=\"en_US\" \/><input type=\"hidden\" name=\"_wpcf7_unit_tag\" value=\"wpcf7-f870-o1\" \/><input type=\"hidden\" name=\"_wpcf7_container_post\" value=\"0\" \/><input type=\"hidden\" name=\"_wpcf7_posted_data_hash\" value=\"\" \/>\n<\/fieldset>\n<div class=\"contact__form\">\n    <div class=\"row g-4\">\n        <div class=\"col-12\">\n            <div>\n                <label for=\"name\" class=\"form-label\">Name<\/label>\n                <span class=\"wpcf7-form-control-wrap\" data-name=\"your-name\"><input size=\"40\" maxlength=\"400\" class=\"wpcf7-form-control wpcf7-text wpcf7-validates-as-required form-control\" id=\"name\" aria-required=\"true\" aria-invalid=\"false\" placeholder=\"Full Name\" value=\"\" type=\"text\" name=\"your-name\" \/><\/span>\n            <\/div>\n        <\/div>\n        <div class=\"col-12\">\n            <div>\n                <label for=\"email\" class=\"form-label\">Email<\/label>\n                <span class=\"wpcf7-form-control-wrap\" data-name=\"your-email\"><input size=\"40\" maxlength=\"400\" class=\"wpcf7-form-control wpcf7-email wpcf7-validates-as-required wpcf7-text wpcf7-validates-as-email form-control\" id=\"email\" aria-required=\"true\" aria-invalid=\"false\" placeholder=\"Email here\" value=\"\" type=\"email\" name=\"your-email\" \/><\/span>\n            <\/div>\n        <\/div>\n        <div class=\"col-12\">\n            <div>\n                <label for=\"textarea\" class=\"form-label\">Message<\/label>\n                <span class=\"wpcf7-form-control-wrap\" data-name=\"your-message\"><textarea cols=\"40\" rows=\"10\" maxlength=\"2000\" class=\"wpcf7-form-control wpcf7-textarea form-control\" id=\"textarea\" aria-invalid=\"false\" placeholder=\"Enter Your Message\" name=\"your-message\"><\/textarea><\/span>\n            <\/div>\n        <\/div>\n    <\/div>\n    <button type=\"submit\" class=\"trk-btn trk-btn--border trk-btn--primary mt-4 d-block\">contact us now<\/button>\n<\/div><div class=\"wpcf7-response-output\" aria-hidden=\"true\"><\/div>\n<\/form>\n<\/div>\n                            <\/div>\r\n                                            <\/div>\r\n                <\/div>\r\n            <\/div>\r\n            <div class=\"contact__shape\">\r\n                                    <span class=\"contact__shape-item contact__shape-item--1\">\r\n                        <img decoding=\"async\" src=\"https:\/\/rafed-financial.com\/wp-content\/uploads\/2025\/05\/bg-icon.png\" width=\"70\" alt=\"Icon\">\r\n                    <\/span>\r\n                                <span class=\"contact__shape-item contact__shape-item--2\"> <span><\/span> <\/span>\r\n            <\/div>\r\n        <\/div>\r\n\r\n\t\t\t\t<\/div>\n\t\t\t\t<\/div>\n\t\t\t\t<\/div>\n\t\t<div class=\"elementor-element elementor-element-1dc3e23 e-flex e-con-boxed e-con e-parent\" data-id=\"1dc3e23\" data-element_type=\"container\">\n\t\t\t\t\t<div class=\"e-con-inner\">\n\t\t\t\t<div class=\"elementor-element elementor-element-262461c elementor-widget elementor-widget-google_maps\" data-id=\"262461c\" data-element_type=\"widget\" data-widget_type=\"google_maps.default\">\n\t\t\t\t<div class=\"elementor-widget-container\">\n\t\t\t\t\t\t\t<div class=\"elementor-custom-embed\">\n\t\t\t<iframe loading=\"lazy\"\n\t\t\t\t\tsrc=\"https:\/\/maps.google.com\/maps?q=%D8%AA%D8%B1%D9%83%D9%8A%D9%91%D8%A7%20-%20%D8%A7%D8%B3%D8%B7%D9%86%D8%A8%D9%88%D9%84%20-%20%D8%A7%D9%84%D9%81%D8%A7%D8%AA%D8%AD%20-%20%D8%B4%D9%87%D8%B1%D9%8A%D9%85%D9%8A%D9%86%D9%8A%3C%D9%85%D9%87%D9%84%D8%B3%D9%8A%20%D8%B4%D8%A7%D8%B1%D8%B9%20%D8%AA%D9%88%D8%B1%D8%BA%D9%88%D8%AA%20%D8%A7%D9%88%D8%B2%D8%A7%D9%84%20-%20%D8%A8%D9%86%D8%A7%D8%A1%20131%20%D8%B1%D9%82%D9%85%20%D8%A7%D9%84%D9%85%D9%83%D8%AA%D8%A8%203%D9%85%D8%AD%D8%B7%D8%A9%20%D8%AA%D8%B1%D8%A7%D9%85%20%D9%88%D8%A7%D9%8A%20%D8%AA%D8%B4%D8%A7%D8%A8%D8%A7%20%20%D8%A8%D9%86%D8%A7%D8%A1%20%D9%85%D8%A7%D9%83%D8%AF%D9%88%D9%86%D8%A7%D9%84%D8%AF%D8%B2&#038;t=m&#038;z=13&#038;output=embed&#038;iwloc=near\"\n\t\t\t\t\ttitle=\"\u062a\u0631\u0643\u064a\u0651\u0627 - \u0627\u0633\u0637\u0646\u0628\u0648\u0644 - \u0627\u0644\u0641\u0627\u062a\u062d - \u0634\u0647\u0631\u064a\u0645\u064a\u0646\u064a&lt;\u0645\u0647\u0644\u0633\u064a \u0634\u0627\u0631\u0639 \u062a\u0648\u0631\u063a\u0648\u062a \u0627\u0648\u0632\u0627\u0644 - \u0628\u0646\u0627\u0621 131 \u0631\u0642\u0645 \u0627\u0644\u0645\u0643\u062a\u0628 3\u0645\u062d\u0637\u0629 \u062a\u0631\u0627\u0645 \u0648\u0627\u064a \u062a\u0634\u0627\u0628\u0627  \u0628\u0646\u0627\u0621 \u0645\u0627\u0643\u062f\u0648\u0646\u0627\u0644\u062f\u0632\"\n\t\t\t\t\taria-label=\"\u062a\u0631\u0643\u064a\u0651\u0627 - \u0627\u0633\u0637\u0646\u0628\u0648\u0644 - \u0627\u0644\u0641\u0627\u062a\u062d - \u0634\u0647\u0631\u064a\u0645\u064a\u0646\u064a&lt;\u0645\u0647\u0644\u0633\u064a \u0634\u0627\u0631\u0639 \u062a\u0648\u0631\u063a\u0648\u062a \u0627\u0648\u0632\u0627\u0644 - \u0628\u0646\u0627\u0621 131 \u0631\u0642\u0645 \u0627\u0644\u0645\u0643\u062a\u0628 3\u0645\u062d\u0637\u0629 \u062a\u0631\u0627\u0645 \u0648\u0627\u064a \u062a\u0634\u0627\u0628\u0627  \u0628\u0646\u0627\u0621 \u0645\u0627\u0643\u062f\u0648\u0646\u0627\u0644\u062f\u0632\"\n\t\t\t><\/iframe>\n\t\t<\/div>\n\t\t\t\t\t\t<\/div>\n\t\t\t\t<\/div>\n\t\t\t\t\t<\/div>\n\t\t\t\t<\/div>\n\t\t\t\t<\/div>\n\t\t","protected":false},"excerpt":{"rendered":"<p>Stay in touch with us 00905070200081 info@rafed-financial.com Turkey &#8211; Istanbul &#8211; Fatih &#8211; \u015eehremini Mehmet Turgut \u00d6zal Street &#8211; Building 131 Office No. 3 | Tramway Stop: \u00c7apa McDonald&#8217;s Building Name Email Message contact us now<\/p>\n","protected":false},"author":1,"featured_media":0,"parent":0,"menu_order":0,"comment_status":"closed","ping_status":"closed","template":"elementor_header_footer","meta":{"_acf_changed":false,"footnotes":""},"class_list":["post-2437","page","type-page","status-publish","hentry"],"acf":[],"_links":{"self":[{"href":"https:\/\/rafed-financial.com\/en\/wp-json\/wp\/v2\/pages\/2437","targetHints":{"allow":["GET"]}}],"collection":[{"href":"https:\/\/rafed-financial.com\/en\/wp-json\/wp\/v2\/pages"}],"about":[{"href":"https:\/\/rafed-financial.com\/en\/wp-json\/wp\/v2\/types\/page"}],"author":[{"embeddable":true,"href":"https:\/\/rafed-financial.com\/en\/wp-json\/wp\/v2\/users\/1"}],"replies":[{"embeddable":true,"href":"https:\/\/rafed-financial.com\/en\/wp-json\/wp\/v2\/comments?post=2437"}],"version-history":[{"count":4,"href":"https:\/\/rafed-financial.com\/en\/wp-json\/wp\/v2\/pages\/2437\/revisions"}],"predecessor-version":[{"id":2447,"href":"https:\/\/rafed-financial.com\/en\/wp-json\/wp\/v2\/pages\/2437\/revisions\/2447"}],"wp:attachment":[{"href":"https:\/\/rafed-financial.com\/en\/wp-json\/wp\/v2\/media?parent=2437"}],"curies":[{"name":"wp","href":"https:\/\/api.w.org\/{rel}","templated":true}]}}